{"id":20405,"date":"2014-10-16T09:38:16","date_gmt":"2014-10-16T09:38:16","guid":{"rendered":"http:\/\/demo.select-themes.com\/bodega2\/?page_id=4"},"modified":"2025-11-01T15:10:14","modified_gmt":"2025-11-01T15:10:14","slug":"home","status":"publish","type":"page","link":"https:\/\/www.studiosen.pl\/","title":{"rendered":"Home"},"content":{"rendered":"<div class=\"wpb-content-wrapper\"><p>[vc_row row_type=&#8221;row&#8221; use_row_as_full_screen_section=&#8221;no&#8221; type=&#8221;grid&#8221; oblique_section=&#8221;no&#8221; text_align=&#8221;left&#8221; padding_top=&#8221;70&#8243; padding_bottom=&#8221;80&#8243; css_animation=&#8221;&#8221;][vc_column][vc_column_text]<\/p>\n<p style=\"text-align: center;\">Studio Sen to miejsce, w kt\u00f3rym wizja staje si\u0119 rzeczywisto\u015bci\u0105, czas p\u0142ynie wolniej, a Ty mo\u017cesz poczu\u0107 si\u0119 jak w domu. Jest to jasna, ciep\u0142a, przestronna i przytulna, a zarazem bardzo praktyczna i komfortowa przestrze\u0144 z widokiem na panoram\u0119 Warszawy. Miejsce z wyj\u0105tkow\u0105 histori\u0105, zaprojektowane tak, by inspirowa\u0107 i tworzy\u0107 z pasj\u0105. Powierzchnia blisko 300m<sup>2<\/sup> stworzona z my\u015bl\u0105 o realizacji sesji zdj\u0119ciowych oraz produkcji video, jak r\u00f3wnie\u017c organizacji event\u00f3w, konferencji, warsztat\u00f3w, szkole\u0144, nagra\u0144 podcast\u00f3w czy imprez okoliczno\u015bciowych.<\/p>\n<p>[\/vc_column_text][\/vc_column][\/vc_row][vc_row row_type=&#8221;parallax&#8221; type=&#8221;full_width&#8221; text_align=&#8221;left&#8221; background_image=&#8221;20563&#8243; full_screen_section_height=&#8221;no&#8221;][vc_column][no_elements_holder number_of_columns=&#8221;one_column&#8221;][no_elements_holder_item item_padding=&#8221;150px 0px 10px 0px&#8221; aligment=&#8221;center&#8221; advanced_animations=&#8221;yes&#8221; start_position=&#8221;bottom&#8221; end_position=&#8221;top-bottom&#8221; start_animation_style=&#8221;opacity:1;transform:scale(1);-webkit-transform:scale(1);&#8221; end_animation_style=&#8221;opacity:0;transform:scale(0.8);-webkit-transform:scale(0.8);&#8221;][vc_column_text]<\/p>\n<h5 style=\"text-align: center;\"><span style=\"color: #ffffff;\">O nas<\/span><\/h5>\n<p>[\/vc_column_text][\/no_elements_holder_item][\/no_elements_holder][no_elements_holder number_of_columns=&#8221;one_column&#8221;][no_elements_holder_item item_padding=&#8221;0px 0px 150px 0px&#8221; aligment=&#8221;center&#8221; advanced_animations=&#8221;yes&#8221; start_position=&#8221;bottom&#8221; end_position=&#8221;top-bottom&#8221; start_animation_style=&#8221;opacity:1;transform:scale(1);-webkit-transform:scale(1);&#8221; end_animation_style=&#8221;opacity:0;transform:scale(1.5);-webkit-transform:scale(1.5);&#8221;][vc_column_text]<\/p>\n<h2 style=\"text-align: center;\"><span style=\"color: #ffffff;\">DOWIEDZ SI\u0118 WI\u0118CEJ<\/span><\/h2>\n<p>[\/vc_column_text][\/no_elements_holder_item][\/no_elements_holder][\/vc_column][\/vc_row][vc_row row_type=&#8221;row&#8221; use_row_as_full_screen_section=&#8221;no&#8221; type=&#8221;grid&#8221; oblique_section=&#8221;no&#8221; text_align=&#8221;left&#8221; padding_top=&#8221;70&#8243; padding_bottom=&#8221;80&#8243; css_animation=&#8221;&#8221;][vc_column][vc_column_text]<\/p>\n<p style=\"text-align: center;\">Dogodna lokalizacja blisko tras szybkiego ruchu oraz Lotniska Chopina zapewnia niepowtarzalny widok na samoloty przelatuj\u0105ce tu\u017c obok studio. Do dyspozycji w pe\u0142ni wyposa\u017cona kuchnia (du\u017ca lod\u00f3wka, mikrofal\u00f3wka, ekspres do kawy, czajnik, zmywarka) oraz toaleta. Dost\u0119pny du\u017cy, bezp\u0142atny parking oraz winda osobowo-towarowa. Tutaj ka\u017cdy kadr ma znaczenie, a ka\u017cda chwila zostaje z Tob\u0105 na d\u0142u\u017cej.<\/p>\n<p>[\/vc_column_text][\/vc_column][\/vc_row]<\/p>\n<\/div>","protected":false},"excerpt":{"rendered":"<p>[vc_row row_type=&#8221;row&#8221; use_row_as_full_screen_section=&#8221;no&#8221; type=&#8221;grid&#8221; oblique_section=&#8221;no&#8221; text_align=&#8221;left&#8221; padding_top=&#8221;70&#8243; padding_bottom=&#8221;80&#8243; css_animation=&#8221;&#8221;][vc_column][vc_column_text] Studio Sen to miejsce, w kt\u00f3rym wizja staje si\u0119 rzeczywisto\u015bci\u0105, czas p\u0142ynie wolniej, a Ty mo\u017cesz poczu\u0107 si\u0119 jak w domu. Jest to jasna, ciep\u0142a, przestronna i przytulna, a zarazem bardzo praktyczna i komfortowa przestrze\u0144 z&#8230;<\/p>\n","protected":false},"author":1,"featured_media":0,"parent":0,"menu_order":0,"comment_status":"open","ping_status":"open","template":"full_width.php","meta":{"footnotes":""},"class_list":["post-20405","page","type-page","status-publish","hentry"],"_links":{"self":[{"href":"https:\/\/www.studiosen.pl\/index.php\/wp-json\/wp\/v2\/pages\/20405","targetHints":{"allow":["GET"]}}],"collection":[{"href":"https:\/\/www.studiosen.pl\/index.php\/wp-json\/wp\/v2\/pages"}],"about":[{"href":"https:\/\/www.studiosen.pl\/index.php\/wp-json\/wp\/v2\/types\/page"}],"author":[{"embeddable":true,"href":"https:\/\/www.studiosen.pl\/index.php\/wp-json\/wp\/v2\/users\/1"}],"replies":[{"embeddable":true,"href":"https:\/\/www.studiosen.pl\/index.php\/wp-json\/wp\/v2\/comments?post=20405"}],"version-history":[{"count":31,"href":"https:\/\/www.studiosen.pl\/index.php\/wp-json\/wp\/v2\/pages\/20405\/revisions"}],"predecessor-version":[{"id":20565,"href":"https:\/\/www.studiosen.pl\/index.php\/wp-json\/wp\/v2\/pages\/20405\/revisions\/20565"}],"wp:attachment":[{"href":"https:\/\/www.studiosen.pl\/index.php\/wp-json\/wp\/v2\/media?parent=20405"}],"curies":[{"name":"wp","href":"https:\/\/api.w.org\/{rel}","templated":true}]}}